{"id":85,"date":"2015-09-23T09:57:03","date_gmt":"2015-09-23T07:57:03","guid":{"rendered":"http:\/\/wp.ttg-sonnenbuehl.de\/?page_id=85"},"modified":"2025-09-25T14:55:05","modified_gmt":"2025-09-25T12:55:05","slug":"sonnenbuehler-meisterschaften","status":"publish","type":"page","link":"https:\/\/www.ttg-sonnenbuehl.de\/?page_id=85","title":{"rendered":"Sonnenb\u00fchler Meisterschaften"},"content":{"rendered":"\n<figure class=\"wp-block-image\"><img loading=\"lazy\" decoding=\"async\" width=\"1024\" height=\"548\" src=\"https:\/\/www.ttg-sonnenbuehl.de\/wp-content\/uploads\/2019\/07\/Pokale-1-1024x548.jpg\" alt=\"\" class=\"wp-image-1783\" srcset=\"https:\/\/www.ttg-sonnenbuehl.de\/wp-content\/uploads\/2019\/07\/Pokale-1-1024x548.jpg 1024w, https:\/\/www.ttg-sonnenbuehl.de\/wp-content\/uploads\/2019\/07\/Pokale-1-300x161.jpg 300w, https:\/\/www.ttg-sonnenbuehl.de\/wp-content\/uploads\/2019\/07\/Pokale-1-768x411.jpg 768w\" sizes=\"auto, (max-width: 1024px) 100vw, 1024px\" \/><figcaption class=\"wp-element-caption\">Wanderpokale der TTG Meister<\/figcaption><\/figure>\n\n\n\n<p>Jedes Jahr am 01. November ist es wieder soweit. An Allerheiligen finden in der Sporthalle Sonnenb\u00fchl in Genkingen die beliebten Sonnenb\u00fchler Tischtennis-Meisterschaften f\u00fcr Hobbyspieler und -spielerinnen und f\u00fcr Aktive statt.<\/p>\n\n\n\n<p>Teilnehmen k\u00f6nnen alle Sonnenb\u00fchler B\u00fcrger und alle Personen, die in einem Sonnenb\u00fchler Verein Mitglied sind. Es gibt immer sch\u00f6ne Pokale und Urkunden zu gewinnen. <\/p>\n\n\n\n<p>Im Hobbybereich gibt es bei entsprechender Beteiligung eine separate Damenkonkurrenz. Es werden jeweils Einzel und Doppel gespielt. Doppelpartner k\u00f6nnen mitgebracht werden, ansonsten wird zugelost. Jugendliche spielen in den entsprechenden Turnieren der Erwachsenen mit. <\/p>\n\n\n\n<p>F\u00fcr Essen und Getr\u00e4nke &#8211; auch Kaffee und Kuchen &#8211; ist gesorgt. Die Siegerehrung findet direkt im Anschluss an das Turnier statt. Zuschauer sind herzlich willkommen! <\/p>\n\n\n\n<p>Das Startgeld betr\u00e4gt 3,- \u20ac. Turnierbeginn ist um 10:00 Uhr.<\/p>\n\n\n\n<p>Bitte unbedingt anmelden, damit wir entsprechend vorbereiten k\u00f6nnen. Sollte die Zahl der Anmeldungen zu gering f\u00fcr ein interessantes Turnier sein, so sagen wir rechtzeitig telefonisch ab, damit Sie den Feiertag anders verplanen k\u00f6nnen. <\/p>\n\n\n\n<p>Die Anmeldedaten werden jedes Jahr ca. 4 Wochen vor dem Termin hier und im sonnenb\u00fchler Amtsblatt ver\u00f6ffentlicht.<\/p>\n\n\n\n<h2 class=\"wp-block-heading\">Ergebnisse der letzten Jahre<\/h2>\n\n\n\n<p><a href=\"https:\/\/www.ttg-sonnenbuehl.de\/?page_id=2155\">2018<\/a>, <a href=\"https:\/\/www.ttg-sonnenbuehl.de\/?page_id=2153\">2017<\/a>, <a href=\"https:\/\/www.ttg-sonnenbuehl.de\/?page_id=2151\">2016<\/a>, <a href=\"https:\/\/www.ttg-sonnenbuehl.de\/?page_id=1019\">2015<\/a>, <a href=\"https:\/\/www.ttg-sonnenbuehl.de\/?page_id=643\">2014<\/a>, <a href=\"https:\/\/www.ttg-sonnenbuehl.de\/?page_id=641\">2013<\/a>, <a href=\"https:\/\/www.ttg-sonnenbuehl.de\/?page_id=638\">2012<\/a>, <a href=\"https:\/\/www.ttg-sonnenbuehl.de\/?page_id=636\">2011<\/a>, <a href=\"https:\/\/www.ttg-sonnenbuehl.de\/?page_id=634\">2010<\/a>, <a href=\"https:\/\/www.ttg-sonnenbuehl.de\/?page_id=632\">2009<\/a>, <a href=\"https:\/\/www.ttg-sonnenbuehl.de\/?page_id=630\">2008<\/a>, <a href=\"https:\/\/www.ttg-sonnenbuehl.de\/?page_id=624\">2007<\/a>, <a href=\"https:\/\/www.ttg-sonnenbuehl.de\/?page_id=2183\">2006<\/a>, <a href=\"https:\/\/www.ttg-sonnenbuehl.de\/?page_id=2185\">2005<\/a>, <a href=\"https:\/\/www.ttg-sonnenbuehl.de\/?page_id=2187\">2004<\/a>, <a href=\"https:\/\/www.ttg-sonnenbuehl.de\/?page_id=2198\">2003<\/a>, <a href=\"https:\/\/www.ttg-sonnenbuehl.de\/?page_id=2202\">2002<\/a>, <a href=\"https:\/\/www.ttg-sonnenbuehl.de\/?page_id=2205\">2001<\/a>, <a href=\"https:\/\/www.ttg-sonnenbuehl.de\/?page_id=2208\">2000<\/a>, <a href=\"https:\/\/www.ttg-sonnenbuehl.de\/?page_id=2221\">1999<\/a>, <a href=\"https:\/\/www.ttg-sonnenbuehl.de\/?page_id=2223\">1998<\/a>, <a href=\"https:\/\/www.ttg-sonnenbuehl.de\/?page_id=2226\">1997<\/a>, <a href=\"https:\/\/www.ttg-sonnenbuehl.de\/?page_id=2235\">1996<\/a>, <a href=\"https:\/\/www.ttg-sonnenbuehl.de\/?page_id=2237\">1995<\/a><br><\/p>\n","protected":false},"excerpt":{"rendered":"<p>Jedes Jahr am 01. November ist es wieder soweit. An Allerheiligen finden in der Sporthalle Sonnenb\u00fchl in Genkingen die beliebten Sonnenb\u00fchler Tischtennis-Meisterschaften f\u00fcr Hobbyspieler und &hellip; <\/p>\n","protected":false},"author":1,"featured_media":0,"parent":0,"menu_order":0,"comment_status":"closed","ping_status":"closed","template":"","meta":{"ngg_post_thumbnail":0,"jetpack_post_was_ever_published":false,"footnotes":""},"class_list":["post-85","page","type-page","status-publish","hentry"],"jetpack_sharing_enabled":true,"jetpack_shortlink":"https:\/\/wp.me\/PaNJHH-1n","jetpack_likes_enabled":true,"_links":{"self":[{"href":"https:\/\/www.ttg-sonnenbuehl.de\/index.php?rest_route=\/wp\/v2\/pages\/85","targetHints":{"allow":["GET"]}}],"collection":[{"href":"https:\/\/www.ttg-sonnenbuehl.de\/index.php?rest_route=\/wp\/v2\/pages"}],"about":[{"href":"https:\/\/www.ttg-sonnenbuehl.de\/index.php?rest_route=\/wp\/v2\/types\/page"}],"author":[{"embeddable":true,"href":"https:\/\/www.ttg-sonnenbuehl.de\/index.php?rest_route=\/wp\/v2\/users\/1"}],"replies":[{"embeddable":true,"href":"https:\/\/www.ttg-sonnenbuehl.de\/index.php?rest_route=%2Fwp%2Fv2%2Fcomments&post=85"}],"version-history":[{"count":45,"href":"https:\/\/www.ttg-sonnenbuehl.de\/index.php?rest_route=\/wp\/v2\/pages\/85\/revisions"}],"predecessor-version":[{"id":3009,"href":"https:\/\/www.ttg-sonnenbuehl.de\/index.php?rest_route=\/wp\/v2\/pages\/85\/revisions\/3009"}],"wp:attachment":[{"href":"https:\/\/www.ttg-sonnenbuehl.de\/index.php?rest_route=%2Fwp%2Fv2%2Fmedia&parent=85"}],"curies":[{"name":"wp","href":"https:\/\/api.w.org\/{rel}","templated":true}]}}