{"id":641,"date":"2015-09-23T14:55:02","date_gmt":"2015-09-23T12:55:02","guid":{"rendered":"http:\/\/wp.ttg-sonnenbuehl.de\/?page_id=641"},"modified":"2015-09-24T18:53:05","modified_gmt":"2015-09-24T18:53:05","slug":"meisterschaften-2013","status":"publish","type":"page","link":"https:\/\/www.ttg-sonnenbuehl.de\/?page_id=641","title":{"rendered":"Meisterschaften 2013"},"content":{"rendered":"<p><strong>Sonnenb\u00fchler Tischtennis-Meisterschaften 2013<\/strong><br \/>\nInsgesamt 33 Teilnehmer spielten bei den diesj\u00e4hrigen Sonnenb\u00fchler Meisterschaften um die Pokale. Mit 14 Teilnehmern bei den Aktiven, 11 Teilnehmern im Hobbybereich und 8 Teilnehmern am Jugendturnier waren alle Turnierklassen gut besetzt.<br \/>\nIm Jugendwettbewerb hei\u00dft der alte und neue Meister Patrick Schweikardt. Er konnte sich in einem sehr hochklassigen Finale knapp mit 3:1 S\u00e4tzen gegen Fabian Heinz durchsetzen.<br \/>\nBei den Sonnenb\u00fchler Hobbyspielern setzte sich Norbert Haupt in einem ebenfalls sehr guten Finalspiel mit 3:2 S\u00e4tzen gegen Markus Letsche durch.<br \/>\nIn den beiden Wettbewerben der Aktiven gab es jeweils neue Meister. Christian Lenz bezwang im Aktive A Wettbewerb Markus Hartmayer im Finale. Peter Lenz wurde Meister im Aktive B Wettbewerb vor Stefan Gekeler.<\/p>\n<p>Folgende Platzierungen erreichten die Spieler in diesem Jahr im Einzelnen:<\/p>\n<p><strong>Jugend Doppel:<\/strong><\/p>\n<ol>\n<li>\u00a0Patrick Schweikardt \/ Ludwig Bez<\/li>\n<li>Fabian Heinz \/ Joscha Dietter<\/li>\n<li>Christine Berweiler \/ Hans Mauser<\/li>\n<li>Max Widmann \/ Simon Herrmann<\/li>\n<\/ol>\n<p><strong>\u00a0Hobby Doppel:<\/strong><\/p>\n<ol>\n<li>\u00a0Markus Letsche \/ Daniel Herrmann<\/li>\n<li>Fritz Gekeler \/ Norbert Haupt<\/li>\n<li>Joachim Stahl \/ Hans Herrmann<\/li>\n<li>Uwe Morgenstern \/ Peter Dietter<\/li>\n<li>Birgit Bergweiler \/ Marc Bergweiler<\/li>\n<\/ol>\n<p><strong>Aktive Doppel: <\/strong><\/p>\n<ol>\n<li>Markus Hartmayer \/ Christian Lenz<\/li>\n<li>Stefan Gekeler \/ Peter Lenz<\/li>\n<li>Ingo Heinz \/ J\u00fcrgen Scheible<\/li>\n<li>Martin Mayer \/ Markus Petrowsky<\/li>\n<\/ol>\n<p><strong>\u00a0Jugend Einzel: <\/strong><\/p>\n<ol>\n<li>Patrick Schweikardt<\/li>\n<li>Fabian Heinz<\/li>\n<li>Ludwig Bez<\/li>\n<li>Christine Bergweiler<\/li>\n<\/ol>\n<p><strong>Hobby Einzel: <\/strong><\/p>\n<ol>\n<li>Norbert Haupt<\/li>\n<li>Markus Letsche<\/li>\n<li>Hans Herrmann<\/li>\n<li>Joachim Stahl<\/li>\n<\/ol>\n<p><strong>Aktive A Einzel <\/strong><\/p>\n<ol>\n<li>Christian Lenz<\/li>\n<li>Markus Hartmayer<\/li>\n<li>Ingo Heinz<\/li>\n<li>Martin Mayer<\/li>\n<\/ol>\n<p><strong>Aktive B Einzel: <\/strong><\/p>\n<ol>\n<li>Peter Lenz<\/li>\n<li>Stefan Gekeler<\/li>\n<li>Benjamin Digel<\/li>\n<li>Horst Petrowsky<\/li>\n<li>Sven Findeisen<\/li>\n<\/ol>\n<p>Ein herzliches Dankesch\u00f6n an alle Teilnehmer und Helfer f\u00fcr ein gelungenes Turnier und dessen reibungslosen Ablauf!<\/p>\n","protected":false},"excerpt":{"rendered":"<p>Sonnenb\u00fchler Tischtennis-Meisterschaften 2013 Insgesamt 33 Teilnehmer spielten bei den diesj\u00e4hrigen Sonnenb\u00fchler Meisterschaften um die Pokale. Mit 14 Teilnehmern bei den Aktiven, 11 Teilnehmern im Hobbybereich &hellip; <\/p>\n","protected":false},"author":1,"featured_media":0,"parent":85,"menu_order":0,"comment_status":"closed","ping_status":"closed","template":"","meta":{"ngg_post_thumbnail":0,"jetpack_post_was_ever_published":false,"footnotes":""},"class_list":["post-641","page","type-page","status-publish","hentry"],"jetpack_sharing_enabled":true,"jetpack_shortlink":"https:\/\/wp.me\/PaNJHH-al","jetpack_likes_enabled":true,"_links":{"self":[{"href":"https:\/\/www.ttg-sonnenbuehl.de\/index.php?rest_route=\/wp\/v2\/pages\/641","targetHints":{"allow":["GET"]}}],"collection":[{"href":"https:\/\/www.ttg-sonnenbuehl.de\/index.php?rest_route=\/wp\/v2\/pages"}],"about":[{"href":"https:\/\/www.ttg-sonnenbuehl.de\/index.php?rest_route=\/wp\/v2\/types\/page"}],"author":[{"embeddable":true,"href":"https:\/\/www.ttg-sonnenbuehl.de\/index.php?rest_route=\/wp\/v2\/users\/1"}],"replies":[{"embeddable":true,"href":"https:\/\/www.ttg-sonnenbuehl.de\/index.php?rest_route=%2Fwp%2Fv2%2Fcomments&post=641"}],"version-history":[{"count":1,"href":"https:\/\/www.ttg-sonnenbuehl.de\/index.php?rest_route=\/wp\/v2\/pages\/641\/revisions"}],"predecessor-version":[{"id":642,"href":"https:\/\/www.ttg-sonnenbuehl.de\/index.php?rest_route=\/wp\/v2\/pages\/641\/revisions\/642"}],"up":[{"embeddable":true,"href":"https:\/\/www.ttg-sonnenbuehl.de\/index.php?rest_route=\/wp\/v2\/pages\/85"}],"wp:attachment":[{"href":"https:\/\/www.ttg-sonnenbuehl.de\/index.php?rest_route=%2Fwp%2Fv2%2Fmedia&parent=641"}],"curies":[{"name":"wp","href":"https:\/\/api.w.org\/{rel}","templated":true}]}}