{"id":638,"date":"2015-09-23T14:53:59","date_gmt":"2015-09-23T12:53:59","guid":{"rendered":"http:\/\/wp.ttg-sonnenbuehl.de\/?page_id=638"},"modified":"2015-09-24T18:53:05","modified_gmt":"2015-09-24T18:53:05","slug":"meisterschaften-2012","status":"publish","type":"page","link":"https:\/\/www.ttg-sonnenbuehl.de\/?page_id=638","title":{"rendered":"Meisterschaften 2012"},"content":{"rendered":"<p><strong>Sonnenb\u00fchler Tischtennis-Meisterschaften 2012<\/strong><br \/>\nInsgesamt 32 Teilnehmer spielten bei den diesj\u00e4hrigen Sonnenb\u00fchler Meisterschaften um die Pokale. Mit 14 Teilnehmern bei den Aktiven, 7 Teilnehmern im Hobbybereich und 11 Teilnehmern am Jugendturnier waren alle Turnierklassen gut besetzt.<br \/>\nIn den beiden Wettbewerben der Aktiven gab es jeweils neue Meister. Ingo Heinz bezwang im Aktive A Wettbewerb Markus Hartmayer im Finale. Johannes Dorfm\u00fcller wurde Meister im Aktive B Wettbewerb vor Tobias Hageloch.<\/p>\n<p>Folgende Platzierungen erreichten die Spieler in diesem Jahr:<\/p>\n<p><strong>Hobby\/Jugend Doppel:<\/strong><\/p>\n<ol>\n<li>Patrick Schweikardt \/ Ludwig Bez<\/li>\n<li>Lukas Dorfm\u00fcller \/ Fabian Heinz<\/li>\n<\/ol>\n<p><strong>Hobby Einzel:<\/strong><\/p>\n<ol>\n<li>Uwe Fauser<\/li>\n<li>Fritz Gekeler<\/li>\n<li>Sven Pfitzer<\/li>\n<li>Marco Herrmann<\/li>\n<\/ol>\n<p><strong>Jugend Einzel:<\/strong><\/p>\n<ol>\n<li>Patrick Schweikardt<\/li>\n<li>Ludwig Bez<\/li>\n<li>Fabian Heinz<\/li>\n<li>Benedikt Dorfm\u00fcller<\/li>\n<\/ol>\n<p><strong>Aktive Doppel:<\/strong><\/p>\n<ol>\n<li>Markus Hartmayer \/ Christian Lenz<\/li>\n<li>Ingo Heinz \/ J\u00fcrgen Scheible<\/li>\n<\/ol>\n<p><strong>Aktive A Einzel:<\/strong><\/p>\n<ol>\n<li>Ingo Heinz<\/li>\n<li>Markus Hartmayer<\/li>\n<li>Christian Lenz<\/li>\n<li>Martin Mayer<\/li>\n<\/ol>\n<p><strong>Aktive B Einzel:<\/strong><\/p>\n<ol>\n<li>Johannes Dorfm\u00fcller<\/li>\n<li>Tobias Hageloch<\/li>\n<li>Peter Lenz<\/li>\n<li>Horst Petrowsky<\/li>\n<\/ol>\n<p>Ein herzliches Dankesch\u00f6n an alle Teilnehmer und Helfer f\u00fcr ein gelungenes Turnier und dessen reibungslosen Ablauf!<\/p>\n","protected":false},"excerpt":{"rendered":"<p>Sonnenb\u00fchler Tischtennis-Meisterschaften 2012 Insgesamt 32 Teilnehmer spielten bei den diesj\u00e4hrigen Sonnenb\u00fchler Meisterschaften um die Pokale. Mit 14 Teilnehmern bei den Aktiven, 7 Teilnehmern im Hobbybereich &hellip; <\/p>\n","protected":false},"author":1,"featured_media":0,"parent":85,"menu_order":0,"comment_status":"closed","ping_status":"closed","template":"","meta":{"ngg_post_thumbnail":0,"jetpack_post_was_ever_published":false,"footnotes":""},"class_list":["post-638","page","type-page","status-publish","hentry"],"jetpack_sharing_enabled":true,"jetpack_shortlink":"https:\/\/wp.me\/PaNJHH-ai","jetpack_likes_enabled":true,"_links":{"self":[{"href":"https:\/\/www.ttg-sonnenbuehl.de\/index.php?rest_route=\/wp\/v2\/pages\/638","targetHints":{"allow":["GET"]}}],"collection":[{"href":"https:\/\/www.ttg-sonnenbuehl.de\/index.php?rest_route=\/wp\/v2\/pages"}],"about":[{"href":"https:\/\/www.ttg-sonnenbuehl.de\/index.php?rest_route=\/wp\/v2\/types\/page"}],"author":[{"embeddable":true,"href":"https:\/\/www.ttg-sonnenbuehl.de\/index.php?rest_route=\/wp\/v2\/users\/1"}],"replies":[{"embeddable":true,"href":"https:\/\/www.ttg-sonnenbuehl.de\/index.php?rest_route=%2Fwp%2Fv2%2Fcomments&post=638"}],"version-history":[{"count":2,"href":"https:\/\/www.ttg-sonnenbuehl.de\/index.php?rest_route=\/wp\/v2\/pages\/638\/revisions"}],"predecessor-version":[{"id":640,"href":"https:\/\/www.ttg-sonnenbuehl.de\/index.php?rest_route=\/wp\/v2\/pages\/638\/revisions\/640"}],"up":[{"embeddable":true,"href":"https:\/\/www.ttg-sonnenbuehl.de\/index.php?rest_route=\/wp\/v2\/pages\/85"}],"wp:attachment":[{"href":"https:\/\/www.ttg-sonnenbuehl.de\/index.php?rest_route=%2Fwp%2Fv2%2Fmedia&parent=638"}],"curies":[{"name":"wp","href":"https:\/\/api.w.org\/{rel}","templated":true}]}}