{"id":634,"date":"2015-09-23T14:52:58","date_gmt":"2015-09-23T12:52:58","guid":{"rendered":"http:\/\/wp.ttg-sonnenbuehl.de\/?page_id=634"},"modified":"2015-09-24T18:53:05","modified_gmt":"2015-09-24T18:53:05","slug":"meisterschaften-2010","status":"publish","type":"page","link":"https:\/\/www.ttg-sonnenbuehl.de\/?page_id=634","title":{"rendered":"Meisterschaften 2010"},"content":{"rendered":"<div><strong>Sonnenb\u00fchler Tischtennis-Meisterschaften 2010<\/strong><\/p>\n<p>Insgesamt\u00a028 Teilnehmer spielten bei den diesj\u00e4hrigen Sonnenb\u00fchler Meisterschaften um die Pokale.\u00a0Mit 16 Teilnehmern bei den Aktiven und 12 Teilnehmern im Hobbybereich waren beide Turnierklassen gut besetzt.<\/p>\n<p>Im Hobbybereich gab es eine erfolgreiche Titelverteidigung durch Denis D\u00f6rrich. Der alte und neue Meister setzte sich in zwei Gruppenphasen jeweils als Gruppen-Erster durch und verteidigte damit seinen Titel.<\/p>\n<p>In den\u00a0beiden\u00a0Wettbewerben der Aktiven,\u00a0gab es\u00a0jeweils neue Meister. Christian Lenz bezwang im Aktive A\u00a0Wettbewerb Uwe W\u00f6ltjen im Finale. Stefan Gekeler\u00a0 wurde Meister\u00a0im Aktive B Wettbewerb vor Martin Mayer.\n<\/p><\/div>\n<div>Folgende Platzierungen erreichten die Spieler in diesem Jahr:<\/div>\n<div><\/div>\n<div><strong>Hobby Doppel:<\/strong><\/div>\n<div><\/div>\n<ol type=\"1\">\n<li>Dennis D\u00f6rrich \/ Florian Mayer<\/li>\n<li>Marcel Sauer \/ Nicole Ziesmann<\/li>\n<li>Louis Grimme \/ Peter Kn\u00f6ller<\/li>\n<\/ol>\n<div><\/div>\n<div><strong>Hobby Einzel:<\/strong><\/div>\n<div><\/div>\n<ol type=\"1\">\n<li>\u00a0 Dennis D\u00f6rrich<\/li>\n<li>\u00a0 Peter Kn\u00f6ller<\/li>\n<li>\u00a0 Joachim Stahl<\/li>\n<li>\u00a0 Marcel Sauer<\/li>\n<\/ol>\n<div><\/div>\n<div><strong>Aktive Doppel:<\/strong><\/div>\n<div><\/div>\n<ol type=\"1\">\n<li>Ingo Heinz \/ Martin Mayer<\/li>\n<li>Christian Lenz \/ Markus Hartmayer<\/li>\n<li>J\u00f6rg Letsche \/ Peter Lenz<\/li>\n<\/ol>\n<div><\/div>\n<div><strong>Aktive A Einzel:<\/strong><\/div>\n<div><\/div>\n<ol type=\"1\">\n<li>\u00a0 Christian Lenz<\/li>\n<li>\u00a0 Uwe W\u00f6ltjen<\/li>\n<li>\u00a0 Ingo Heinz<\/li>\n<li>\u00a0 Markus Hartmayer<\/li>\n<\/ol>\n<div><\/div>\n<div><strong>Aktive B Einzel:<\/strong><\/div>\n<div><\/div>\n<ol type=\"1\">\n<li>Stefan Gekeler<\/li>\n<li>Martin Mayer<\/li>\n<li>Eckhard Berndt<\/li>\n<li>Benjamin Digel<\/li>\n<\/ol>\n<div><span style=\"font-size: small;\">Die TTG Sonnenb\u00fchl m\u00f6chte hiermit noch mal allen Teilnehmern und Helfern f\u00fcr den Reibungslosen Turnierverlauf danken. <\/span><\/div>\n","protected":false},"excerpt":{"rendered":"<p>Sonnenb\u00fchler Tischtennis-Meisterschaften 2010 Insgesamt\u00a028 Teilnehmer spielten bei den diesj\u00e4hrigen Sonnenb\u00fchler Meisterschaften um die Pokale.\u00a0Mit 16 Teilnehmern bei den Aktiven und 12 Teilnehmern im Hobbybereich waren &hellip; <\/p>\n","protected":false},"author":1,"featured_media":0,"parent":85,"menu_order":0,"comment_status":"closed","ping_status":"closed","template":"","meta":{"ngg_post_thumbnail":0,"jetpack_post_was_ever_published":false,"footnotes":""},"class_list":["post-634","page","type-page","status-publish","hentry"],"jetpack_sharing_enabled":true,"jetpack_shortlink":"https:\/\/wp.me\/PaNJHH-ae","jetpack_likes_enabled":true,"_links":{"self":[{"href":"https:\/\/www.ttg-sonnenbuehl.de\/index.php?rest_route=\/wp\/v2\/pages\/634","targetHints":{"allow":["GET"]}}],"collection":[{"href":"https:\/\/www.ttg-sonnenbuehl.de\/index.php?rest_route=\/wp\/v2\/pages"}],"about":[{"href":"https:\/\/www.ttg-sonnenbuehl.de\/index.php?rest_route=\/wp\/v2\/types\/page"}],"author":[{"embeddable":true,"href":"https:\/\/www.ttg-sonnenbuehl.de\/index.php?rest_route=\/wp\/v2\/users\/1"}],"replies":[{"embeddable":true,"href":"https:\/\/www.ttg-sonnenbuehl.de\/index.php?rest_route=%2Fwp%2Fv2%2Fcomments&post=634"}],"version-history":[{"count":1,"href":"https:\/\/www.ttg-sonnenbuehl.de\/index.php?rest_route=\/wp\/v2\/pages\/634\/revisions"}],"predecessor-version":[{"id":635,"href":"https:\/\/www.ttg-sonnenbuehl.de\/index.php?rest_route=\/wp\/v2\/pages\/634\/revisions\/635"}],"up":[{"embeddable":true,"href":"https:\/\/www.ttg-sonnenbuehl.de\/index.php?rest_route=\/wp\/v2\/pages\/85"}],"wp:attachment":[{"href":"https:\/\/www.ttg-sonnenbuehl.de\/index.php?rest_route=%2Fwp%2Fv2%2Fmedia&parent=634"}],"curies":[{"name":"wp","href":"https:\/\/api.w.org\/{rel}","templated":true}]}}