{"id":624,"date":"2015-09-23T14:48:28","date_gmt":"2015-09-23T12:48:28","guid":{"rendered":"http:\/\/wp.ttg-sonnenbuehl.de\/?page_id=624"},"modified":"2015-09-24T18:53:05","modified_gmt":"2015-09-24T18:53:05","slug":"meisterschaften-2007","status":"publish","type":"page","link":"https:\/\/www.ttg-sonnenbuehl.de\/?page_id=624","title":{"rendered":"Meisterschaften 2007"},"content":{"rendered":"<div>\n<p><strong>Sonnenb\u00fchler Tischtennis-Meisterschaften 2007<\/strong><\/p>\n<p>Bei den diesj\u00e4hrigen Sonnenb\u00fchler Meisterschaften gab es folgende Platzierungen:<\/p>\n<\/div>\n<div>Hobby Einzel:<\/div>\n<ol type=\"1\">\n<li>Uwe Fauser<\/li>\n<li>Frank Bahnm\u00fcller<\/li>\n<li>Hans Herrmann<\/li>\n<li>Wolfgang Grunewald<\/li>\n<li>Asmuth Brech<\/li>\n<li>Michael Breitinger<\/li>\n<\/ol>\n<div>Aktive Doppel:<\/div>\n<ol type=\"1\">\n<li>Christian Lenz \/ Stefan Gekeler<\/li>\n<li>Markus Hartmayer \/ Peter Lenz<\/li>\n<li>Uwe W\u00f6ltjen \/ J\u00f6rg Letsche<\/li>\n<\/ol>\n<div>Aktive Einzel:<\/div>\n<ol type=\"1\">\n<li>Christian Lenz<\/li>\n<li>Klaus Tischler<\/li>\n<li>Ingo Heinz<\/li>\n<li>Uwe W\u00f6ltjen<\/li>\n<\/ol>\n<div>Die TTG Sonnenb\u00fchl m\u00f6chte sich hiermit noch mal bei allen Teilnehmern und Helfern bedanken.<\/div>\n","protected":false},"excerpt":{"rendered":"<p>Sonnenb\u00fchler Tischtennis-Meisterschaften 2007 Bei den diesj\u00e4hrigen Sonnenb\u00fchler Meisterschaften gab es folgende Platzierungen: Hobby Einzel: Uwe Fauser Frank Bahnm\u00fcller Hans Herrmann Wolfgang Grunewald Asmuth Brech Michael &hellip; <\/p>\n","protected":false},"author":1,"featured_media":0,"parent":85,"menu_order":0,"comment_status":"closed","ping_status":"closed","template":"","meta":{"ngg_post_thumbnail":0,"jetpack_post_was_ever_published":false,"footnotes":""},"class_list":["post-624","page","type-page","status-publish","hentry"],"jetpack_sharing_enabled":true,"jetpack_shortlink":"https:\/\/wp.me\/PaNJHH-a4","jetpack_likes_enabled":true,"_links":{"self":[{"href":"https:\/\/www.ttg-sonnenbuehl.de\/index.php?rest_route=\/wp\/v2\/pages\/624","targetHints":{"allow":["GET"]}}],"collection":[{"href":"https:\/\/www.ttg-sonnenbuehl.de\/index.php?rest_route=\/wp\/v2\/pages"}],"about":[{"href":"https:\/\/www.ttg-sonnenbuehl.de\/index.php?rest_route=\/wp\/v2\/types\/page"}],"author":[{"embeddable":true,"href":"https:\/\/www.ttg-sonnenbuehl.de\/index.php?rest_route=\/wp\/v2\/users\/1"}],"replies":[{"embeddable":true,"href":"https:\/\/www.ttg-sonnenbuehl.de\/index.php?rest_route=%2Fwp%2Fv2%2Fcomments&post=624"}],"version-history":[{"count":3,"href":"https:\/\/www.ttg-sonnenbuehl.de\/index.php?rest_route=\/wp\/v2\/pages\/624\/revisions"}],"predecessor-version":[{"id":629,"href":"https:\/\/www.ttg-sonnenbuehl.de\/index.php?rest_route=\/wp\/v2\/pages\/624\/revisions\/629"}],"up":[{"embeddable":true,"href":"https:\/\/www.ttg-sonnenbuehl.de\/index.php?rest_route=\/wp\/v2\/pages\/85"}],"wp:attachment":[{"href":"https:\/\/www.ttg-sonnenbuehl.de\/index.php?rest_route=%2Fwp%2Fv2%2Fmedia&parent=624"}],"curies":[{"name":"wp","href":"https:\/\/api.w.org\/{rel}","templated":true}]}}