{"id":2223,"date":"2019-07-16T13:28:34","date_gmt":"2019-07-16T11:28:34","guid":{"rendered":"https:\/\/www.ttg-sonnenbuehl.de\/?page_id=2223"},"modified":"2019-07-16T13:30:12","modified_gmt":"2019-07-16T11:30:12","slug":"meisterschaften-1998","status":"publish","type":"page","link":"https:\/\/www.ttg-sonnenbuehl.de\/?page_id=2223","title":{"rendered":"Meisterschaften 1998"},"content":{"rendered":"\n<h4 class=\"wp-block-heading\"><strong>4. Sonnenb\u00fchler\nTischtennis-Meisterschaften<\/strong><\/h4>\n\n\n\n<p>Mit 30 Teilnehmern war das am\nvergangenen Sonntag in Erpfingen von der TTG Sonnenb\u00fchl ausgetragene Turnier\ninsgesamt gut besucht. Lediglich in der Klasse der Hobbyspieler blieb die\nTeilnehmerzahl etwas unter den Erwartungen.<\/p>\n\n\n\n<p>Beim Doppelturnier wurden jedem\naktiven Spieler ein Hobbyspieler bzw. eine Dame zugelost. Hier konnten sich\nIngo Heinz und Wolfgang V\u00f6lker, die bereits im Vorjahr zusammen siegten, gegen\nUwe W\u00f6ltjen und Martin Mayer durchsetzen. Die Pl\u00e4tze 3 und 4 belegten J\u00f6rg\nLetsche \/ Rolf Kirschbaum und Peter Lenz \/ Kerstin Werner.<\/p>\n\n\n\n<p>Im Dameneinzel siegte Kerstin Werner\nvor Sandra Schmid, die in den letzten beiden Jahren das Turnier gewinnen\nkonnte. Im Spiel um Platz 3 behielt Sabine Leibfritz gegen Hanna Herrmann die\nOberhand.<\/p>\n\n\n\n<p>Die Hobbyklasse der Herren wurde von\nRolf Kirschbaum und Dirk Herrmann dominiert, die den zahlreichen Zuschauern ein\nspannendes und hochklassiges Endspiel zeigten, das Dirk Herrmann schlie\u00dflich im\n3. Satz f\u00fcr sich entscheiden konnte. Platz 3 belegte Hans Herrmann vor Wolfgang\nV\u00f6lker auf Platz 4.<\/p>\n\n\n\n<p>Die Konkurrenz der Aktiven startete\nzun\u00e4chst in vier Gruppen. Hier konnten vor allem die Spieler der ersten\nJungenmannschaft demonstrieren, da\u00df sie sich schon sehr weit entwickelt haben.\nAllerdings gab es noch keine gro\u00dfen \u00dcberraschungen. Nach der Zwischenrunde und\nden Halbfinals kam es dann zum Endspiel zwischen Ingo Heinz und dem mit sehr\nguter Tagesform spielenden Uwe W\u00f6ltjen, der sich letzendlich nur denkbar kapp\nmit 21:19, 21:19 geschlagen geben mu\u00dfte. Ingo Heinz gewann den Wanderpokal\ndamit zum dritten mal in Folge. Im Spiel um Platz 3, das \u00fcber drei S\u00e4tze ging,\nkonnte sich J\u00fcrgen Scheible letztendlich klar gegen J\u00f6rg Letsche durchsetzen.<\/p>\n\n\n\n<p>Allen Teilnehmern und Zuschauern\nsowie allen, die zum Gelingen der Veranstaltung beigetragen haben, sei an\ndieser Stelle nochmals herzlicher Dank gesagt. Bis zu den 5. Sonnenb\u00fchler\nTischtennismeisterschaften am 01.11.99 !&nbsp;\n<\/p>\n","protected":false},"excerpt":{"rendered":"<p>4. Sonnenb\u00fchler Tischtennis-Meisterschaften Mit 30 Teilnehmern war das am vergangenen Sonntag in Erpfingen von der TTG Sonnenb\u00fchl ausgetragene Turnier insgesamt gut besucht. Lediglich in der &hellip; <\/p>\n","protected":false},"author":1,"featured_media":0,"parent":85,"menu_order":0,"comment_status":"closed","ping_status":"closed","template":"","meta":{"ngg_post_thumbnail":0,"jetpack_post_was_ever_published":false,"footnotes":""},"class_list":["post-2223","page","type-page","status-publish","hentry"],"jetpack_sharing_enabled":true,"jetpack_shortlink":"https:\/\/wp.me\/PaNJHH-zR","jetpack_likes_enabled":true,"_links":{"self":[{"href":"https:\/\/www.ttg-sonnenbuehl.de\/index.php?rest_route=\/wp\/v2\/pages\/2223","targetHints":{"allow":["GET"]}}],"collection":[{"href":"https:\/\/www.ttg-sonnenbuehl.de\/index.php?rest_route=\/wp\/v2\/pages"}],"about":[{"href":"https:\/\/www.ttg-sonnenbuehl.de\/index.php?rest_route=\/wp\/v2\/types\/page"}],"author":[{"embeddable":true,"href":"https:\/\/www.ttg-sonnenbuehl.de\/index.php?rest_route=\/wp\/v2\/users\/1"}],"replies":[{"embeddable":true,"href":"https:\/\/www.ttg-sonnenbuehl.de\/index.php?rest_route=%2Fwp%2Fv2%2Fcomments&post=2223"}],"version-history":[{"count":2,"href":"https:\/\/www.ttg-sonnenbuehl.de\/index.php?rest_route=\/wp\/v2\/pages\/2223\/revisions"}],"predecessor-version":[{"id":2225,"href":"https:\/\/www.ttg-sonnenbuehl.de\/index.php?rest_route=\/wp\/v2\/pages\/2223\/revisions\/2225"}],"up":[{"embeddable":true,"href":"https:\/\/www.ttg-sonnenbuehl.de\/index.php?rest_route=\/wp\/v2\/pages\/85"}],"wp:attachment":[{"href":"https:\/\/www.ttg-sonnenbuehl.de\/index.php?rest_route=%2Fwp%2Fv2%2Fmedia&parent=2223"}],"curies":[{"name":"wp","href":"https:\/\/api.w.org\/{rel}","templated":true}]}}