{"id":2205,"date":"2019-07-16T13:19:51","date_gmt":"2019-07-16T11:19:51","guid":{"rendered":"https:\/\/www.ttg-sonnenbuehl.de\/?page_id=2205"},"modified":"2019-07-16T13:20:23","modified_gmt":"2019-07-16T11:20:23","slug":"meisterschaften-2001","status":"publish","type":"page","link":"https:\/\/www.ttg-sonnenbuehl.de\/?page_id=2205","title":{"rendered":"Meisterschaften 2001"},"content":{"rendered":"\n<h4 class=\"wp-block-heading\"><strong>7. Sonnenb\u00fchler Tischtennismeisterschaften<\/strong><\/h4>\n\n\n\n<p>Wie gewohnt startete man mit der\nDoppelkonkurrenz, wobei die Partner einander zugelost wurden. Bei den\nHobbyspielern siegten Uli Herrmann \/ Maik Wurster vor Thomas Herzog \/ Jan\nKiefer und Joachim Stahl \/ Jenny Herzog.<\/p>\n\n\n\n<p>Im Aktivenbereich konnten sich Markus Petrowsky\n\/ J\u00f6rg Herrmann gegen Christian Lenz \/ Martin Mayer durchsetzen. Der 3. Platz\nging an Ingo Heinz \/ Reiner W\u00fcnschmann.<\/p>\n\n\n\n<p>In der Einzelkonkurrenz der Hobbyspieler siegte\nUli Herrmann in einem hochklassigen Endspiel gegen Thomas Herzog. Die weiteren\nPl\u00e4tze belegten: 3. Maik Wurster, 4. Jan Kiefer, 5. Joachim Stahl, 6. Jenny\nKiefer.<\/p>\n\n\n\n<p>Bei den Aktiven kam es in der in zwei Gruppen\nausgetragenen Runde der letzten acht zur ersten \u00dcberraschung, als\nTitelverteidiger Ingo Heinz durch zwei Niederlagen am Einzug ins Halbfinale\nscheiterte und danach verletzungsbedingt aufgeben musste. Auch Marc Haun, neben\nHeinz am vorderen Paarkreuz der ersten Mannschaft spielend, konnte sich als\nGruppendritter nicht f\u00fcr die Endrunde qualifizieren. So war der Weg frei f\u00fcr\nJ\u00fcrgen Scheible, der sich im Endspiel nach 1:2 R\u00fcckstand mit 3:2 S\u00e4tzen gegen\nUwe W\u00f6ltjen durchsetzte und sich damit nach 1999 zum zweiten Mal den Titel\nholte. Im Spiel um Platz 3 siegte Christian Lenz gegen Markus Petrowsky. Im\nSpiel um Platz 5 war Marc Haun gegen Stefan Gekeler erfolgreich. Platz 7 ging\nan Jugendspieler Peter Lenz.<\/p>\n\n\n\n<p>Die TTG Sonnenb\u00fchl dankt allen Teilnehmern f\u00fcr\ndie Fairness und Begeisterung und hofft, dass sich im n\u00e4chsten Jahr wieder\nviele Tischtennisfreunde beteiligen werden. Ebenfalls sei allen gedankt, die\ndurch Kuchenspenden und ihren Arbeitseinsatz zum Gelingen der Veranstaltung\nbeigetragen haben.<\/p>\n","protected":false},"excerpt":{"rendered":"<p>7. Sonnenb\u00fchler Tischtennismeisterschaften Wie gewohnt startete man mit der Doppelkonkurrenz, wobei die Partner einander zugelost wurden. Bei den Hobbyspielern siegten Uli Herrmann \/ Maik Wurster &hellip; <\/p>\n","protected":false},"author":1,"featured_media":0,"parent":85,"menu_order":0,"comment_status":"closed","ping_status":"closed","template":"","meta":{"ngg_post_thumbnail":0,"jetpack_post_was_ever_published":false,"footnotes":""},"class_list":["post-2205","page","type-page","status-publish","hentry"],"jetpack_sharing_enabled":true,"jetpack_shortlink":"https:\/\/wp.me\/PaNJHH-zz","jetpack_likes_enabled":true,"_links":{"self":[{"href":"https:\/\/www.ttg-sonnenbuehl.de\/index.php?rest_route=\/wp\/v2\/pages\/2205","targetHints":{"allow":["GET"]}}],"collection":[{"href":"https:\/\/www.ttg-sonnenbuehl.de\/index.php?rest_route=\/wp\/v2\/pages"}],"about":[{"href":"https:\/\/www.ttg-sonnenbuehl.de\/index.php?rest_route=\/wp\/v2\/types\/page"}],"author":[{"embeddable":true,"href":"https:\/\/www.ttg-sonnenbuehl.de\/index.php?rest_route=\/wp\/v2\/users\/1"}],"replies":[{"embeddable":true,"href":"https:\/\/www.ttg-sonnenbuehl.de\/index.php?rest_route=%2Fwp%2Fv2%2Fcomments&post=2205"}],"version-history":[{"count":2,"href":"https:\/\/www.ttg-sonnenbuehl.de\/index.php?rest_route=\/wp\/v2\/pages\/2205\/revisions"}],"predecessor-version":[{"id":2207,"href":"https:\/\/www.ttg-sonnenbuehl.de\/index.php?rest_route=\/wp\/v2\/pages\/2205\/revisions\/2207"}],"up":[{"embeddable":true,"href":"https:\/\/www.ttg-sonnenbuehl.de\/index.php?rest_route=\/wp\/v2\/pages\/85"}],"wp:attachment":[{"href":"https:\/\/www.ttg-sonnenbuehl.de\/index.php?rest_route=%2Fwp%2Fv2%2Fmedia&parent=2205"}],"curies":[{"name":"wp","href":"https:\/\/api.w.org\/{rel}","templated":true}]}}