{"id":2185,"date":"2019-07-11T11:31:05","date_gmt":"2019-07-11T09:31:05","guid":{"rendered":"https:\/\/www.ttg-sonnenbuehl.de\/?page_id=2185"},"modified":"2019-07-11T12:05:27","modified_gmt":"2019-07-11T10:05:27","slug":"meisterschaften-2005","status":"publish","type":"page","link":"https:\/\/www.ttg-sonnenbuehl.de\/?page_id=2185","title":{"rendered":"Meisterschaften 2005"},"content":{"rendered":"\n<h2 class=\"wp-block-heading\">Hobbyturnier<\/h2>\n\n\n\n<p>Bei den Hobbyspielern spielten neun Teilnehmer um den Wanderpokal im Einzel- und um Urkunden im Doppelwettbewerb. In diesem Jahr wurde wieder einmal sehr hochklassiges Tischtennis bei den Hobbyspielern geboten. Folgende Spieler erreichten die Platzierungen. <\/p>\n\n\n\n<h4 class=\"wp-block-heading\">Doppel<\/h4>\n\n\n\n<p>1. Tobias Hageloch \/ Frank-Peter Bahnm\u00fcller <br>2. Erik Steinfeld \/ Thomas Herzog <br>3. Florian Maier \/ Martin Steffen <\/p>\n\n\n\n<h4 class=\"wp-block-heading\">Einzel<\/h4>\n\n\n\n<p>1. Tobias Hageloch <br>2. Thomas Herzog <br>3. Frank-Peter Bahnm\u00fcller <\/p>\n\n\n\n<p>Tobias Hageloch spielte in diesem Jahr zum ersten mal mit, und war fr\u00fcher bereits in den Jugendmannschaften der TTG Sonnenb\u00fchl erfolgreich. Er gewann den Wanderpokal der Hobby-Spielklasse. <\/p>\n\n\n\n<h4 class=\"wp-block-heading\">Aktive Doppel <\/h4>\n\n\n\n<p>Das Aktiven-Doppelturnier wurde in diesem Jahr mit Aktive A und Aktive B gemischt gespielt. Dabei wurde jedem Spieler ein anderer zugelost. Folgende Paarungen erreichten die Platzierungen: <\/p>\n\n\n\n<p>1. Christian Lenz \/ J\u00f6rg Herrmann <br>2. Klaus Tischler \/ Peter Lenz <br>3. Ingo Heinz \/ Markus Petrowsky <\/p>\n\n\n\n<h4 class=\"wp-block-heading\">Aktive B<\/h4>\n\n\n\n<p>Bei den Aktiven B spielten dieses Jahr \u00fcberwiegend j\u00fcngere Spieler und Jugendspieler mit. Au\u00dferdem Spielten hier die Spieler unserer Hobbymannschaften mit. Folgende Spieler erreichten die Platzierungen: <\/p>\n\n\n\n<p>1. Marcel Bahnm\u00fcller <br>2. Martin Steffen <br>3. Philip Sch\u00f6rner <\/p>\n\n\n\n<p>Marcel Bahnm\u00fcller und Philip Sch\u00f6rner spielen beide sehr erfolgreich in der ersten Jugendmannschaft der TTG. Wie stark sie bereits jetzt sind zeigt sich im Ergebnis dieser Turnierklasse. Marcel Bahnm\u00fcller gewann den Wanderpokal der Aktiven B. <\/p>\n\n\n\n<h4 class=\"wp-block-heading\">Aktive A <\/h4>\n\n\n\n<p>Bei den Aktiven A spielten in diesem Jahr 13 Aktive aus den ersten drei Mannschaften mit. Leider nahm in diesem Jahr kein Spieler aus der vierten Mannschaft teil. In vielen Partien, die teilweise sehr hochklassiges Tischtennis boten wurden folgende Platzierungen ausgespielt: <\/p>\n\n\n\n<p>1. Christian Lenz <br>2. Klaus Tischler <br>3. Ingo Heinz <\/p>\n\n\n\n<p>Christian Lenz, Klaus Tischler und Ingo Heinz spielen in der ersten Mannschaft der TTG. Ingo Heinz ist \u201eRekordpokalsieger\u201c bei den Sonnenb\u00fchler Meisterschaften. Er konnte den Pokal aber in diesem Jahr nicht verteidigen. Christian Lenz spielt seit dieser Runde auf Position eins der ersten Mannschaft.<\/p>\n","protected":false},"excerpt":{"rendered":"<p>Hobbyturnier Bei den Hobbyspielern spielten neun Teilnehmer um den Wanderpokal im Einzel- und um Urkunden im Doppelwettbewerb. In diesem Jahr wurde wieder einmal sehr hochklassiges &hellip; <\/p>\n","protected":false},"author":1,"featured_media":0,"parent":85,"menu_order":0,"comment_status":"closed","ping_status":"closed","template":"","meta":{"ngg_post_thumbnail":0,"jetpack_post_was_ever_published":false,"footnotes":""},"class_list":["post-2185","page","type-page","status-publish","hentry"],"jetpack_sharing_enabled":true,"jetpack_shortlink":"https:\/\/wp.me\/PaNJHH-zf","jetpack_likes_enabled":true,"_links":{"self":[{"href":"https:\/\/www.ttg-sonnenbuehl.de\/index.php?rest_route=\/wp\/v2\/pages\/2185","targetHints":{"allow":["GET"]}}],"collection":[{"href":"https:\/\/www.ttg-sonnenbuehl.de\/index.php?rest_route=\/wp\/v2\/pages"}],"about":[{"href":"https:\/\/www.ttg-sonnenbuehl.de\/index.php?rest_route=\/wp\/v2\/types\/page"}],"author":[{"embeddable":true,"href":"https:\/\/www.ttg-sonnenbuehl.de\/index.php?rest_route=\/wp\/v2\/users\/1"}],"replies":[{"embeddable":true,"href":"https:\/\/www.ttg-sonnenbuehl.de\/index.php?rest_route=%2Fwp%2Fv2%2Fcomments&post=2185"}],"version-history":[{"count":1,"href":"https:\/\/www.ttg-sonnenbuehl.de\/index.php?rest_route=\/wp\/v2\/pages\/2185\/revisions"}],"predecessor-version":[{"id":2186,"href":"https:\/\/www.ttg-sonnenbuehl.de\/index.php?rest_route=\/wp\/v2\/pages\/2185\/revisions\/2186"}],"up":[{"embeddable":true,"href":"https:\/\/www.ttg-sonnenbuehl.de\/index.php?rest_route=\/wp\/v2\/pages\/85"}],"wp:attachment":[{"href":"https:\/\/www.ttg-sonnenbuehl.de\/index.php?rest_route=%2Fwp%2Fv2%2Fmedia&parent=2185"}],"curies":[{"name":"wp","href":"https:\/\/api.w.org\/{rel}","templated":true}]}}