{"id":20,"date":"2015-09-22T14:17:09","date_gmt":"2015-09-22T14:17:09","guid":{"rendered":"http:\/\/wp.ttg-sonnenbuehl.de\/?page_id=20"},"modified":"2020-11-05T19:21:16","modified_gmt":"2020-11-05T18:21:16","slug":"ueber-uns","status":"publish","type":"page","link":"https:\/\/www.ttg-sonnenbuehl.de\/?page_id=20","title":{"rendered":"\u00dcber uns&#8230;"},"content":{"rendered":"\n<p><span style=\"color: rgb(0, 0, 0); font-size: small;\">Die TTG Sonnenb\u00fchl bietet an zwei Abenden in&nbsp;zwei verschiedenen Hallen Trainingsm\u00f6glichkeiten an. F\u00fcr Damen, Herren und Jugendliche (Jungen und M\u00e4dchen) stehen jeweils qualifizierte \u00dcbungsleiter&nbsp;zur Verf\u00fcgung.<\/span><\/p>\n\n\n\n<p><span style=\"color: rgb(0, 0, 0); font-size: small;\">Dar\u00fcber hinaus wird der \u00d6ffentlichkeit durch verschiedene Veranstaltungen die M\u00f6glichkeit zur Aus\u00fcbung des Tischtennissports geboten:<\/span><\/p>\n\n\n\n<ul class=\"wp-block-list\"><li><span style=\"color: rgb(0, 0, 0); font-size: small;\">Minimeisterschaften f\u00fcr Jungen und M\u00e4dchen bis 12 Jahre (j\u00e4hrlich),<\/span><\/li><li><span style=\"color: rgb(0, 0, 0); font-size: small;\">Sonnenb\u00fchler TT-Meisterschaften f\u00fcr Aktive und Hobbyspieler, immer am 1.&nbsp;November in Erpfingen, <\/span><\/li><li><span style=\"color: rgb(0, 0, 0); font-size: small;\">Kids Cup: spielerischer Einstieg in den Tischtennissport f\u00fcr Kinder (regelm\u00e4\u00dfig), <\/span><\/li><li><span style=\"color: rgb(0, 0, 0); font-size: small;\">Tischtennis im Sch\u00fclerferienprogramm, <\/span><\/li><li><span style=\"color: rgb(0, 0, 0); font-size: small;\">Tischtennisangebot im Rahmen der Aktion \u201eKooperation Schule \/ Verein\u201c.<\/span><\/li><\/ul>\n","protected":false},"excerpt":{"rendered":"<p>Die TTG Sonnenb\u00fchl bietet an zwei Abenden in&nbsp;zwei verschiedenen Hallen Trainingsm\u00f6glichkeiten an. F\u00fcr Damen, Herren und Jugendliche (Jungen und M\u00e4dchen) stehen jeweils qualifizierte \u00dcbungsleiter&nbsp;zur Verf\u00fcgung. &hellip; <\/p>\n","protected":false},"author":1,"featured_media":0,"parent":0,"menu_order":0,"comment_status":"closed","ping_status":"closed","template":"fullwidth.php","meta":{"ngg_post_thumbnail":0,"jetpack_post_was_ever_published":false,"footnotes":""},"class_list":["post-20","page","type-page","status-publish","hentry"],"jetpack_sharing_enabled":true,"jetpack_shortlink":"https:\/\/wp.me\/PaNJHH-k","jetpack_likes_enabled":true,"_links":{"self":[{"href":"https:\/\/www.ttg-sonnenbuehl.de\/index.php?rest_route=\/wp\/v2\/pages\/20","targetHints":{"allow":["GET"]}}],"collection":[{"href":"https:\/\/www.ttg-sonnenbuehl.de\/index.php?rest_route=\/wp\/v2\/pages"}],"about":[{"href":"https:\/\/www.ttg-sonnenbuehl.de\/index.php?rest_route=\/wp\/v2\/types\/page"}],"author":[{"embeddable":true,"href":"https:\/\/www.ttg-sonnenbuehl.de\/index.php?rest_route=\/wp\/v2\/users\/1"}],"replies":[{"embeddable":true,"href":"https:\/\/www.ttg-sonnenbuehl.de\/index.php?rest_route=%2Fwp%2Fv2%2Fcomments&post=20"}],"version-history":[{"count":12,"href":"https:\/\/www.ttg-sonnenbuehl.de\/index.php?rest_route=\/wp\/v2\/pages\/20\/revisions"}],"predecessor-version":[{"id":2467,"href":"https:\/\/www.ttg-sonnenbuehl.de\/index.php?rest_route=\/wp\/v2\/pages\/20\/revisions\/2467"}],"wp:attachment":[{"href":"https:\/\/www.ttg-sonnenbuehl.de\/index.php?rest_route=%2Fwp%2Fv2%2Fmedia&parent=20"}],"curies":[{"name":"wp","href":"https:\/\/api.w.org\/{rel}","templated":true}]}}