{"id":17,"date":"2015-09-22T14:16:56","date_gmt":"2015-09-22T14:16:56","guid":{"rendered":"http:\/\/wp.ttg-sonnenbuehl.de\/?page_id=17"},"modified":"2025-07-03T17:54:39","modified_gmt":"2025-07-03T15:54:39","slug":"news","status":"publish","type":"page","link":"https:\/\/www.ttg-sonnenbuehl.de\/?page_id=17","title":{"rendered":"News"},"content":{"rendered":"\n<h2 class=\"wp-block-heading\">Neueste Beitr\u00e4ge<\/h2>\n\n\n<ul class=\"wp-block-latest-posts__list is-grid columns-3 has-dates wp-block-latest-posts\"><li><a class=\"wp-block-latest-posts__post-title\" href=\"https:\/\/www.ttg-sonnenbuehl.de\/?p=3164\">Ergebnisse Sonnenb\u00fchler Meisterschaften 2025<\/a><time datetime=\"2025-11-03T18:21:18+01:00\" class=\"wp-block-latest-posts__post-date\">3. November 2025<\/time><\/li>\n<li><a class=\"wp-block-latest-posts__post-title\" href=\"https:\/\/www.ttg-sonnenbuehl.de\/?p=3149\">Sonnenb\u00fchl schmettert \/ 31. Sonnenb\u00fchler Meisterschaften<\/a><time datetime=\"2025-09-26T13:35:12+02:00\" class=\"wp-block-latest-posts__post-date\">26. September 2025<\/time><\/li>\n<li><a class=\"wp-block-latest-posts__post-title\" href=\"https:\/\/www.ttg-sonnenbuehl.de\/?p=2864\">TTG bei Social Media<\/a><time datetime=\"2025-09-25T11:00:46+02:00\" class=\"wp-block-latest-posts__post-date\">25. September 2025<\/time><\/li>\n<li><a class=\"wp-block-latest-posts__post-title\" href=\"https:\/\/www.ttg-sonnenbuehl.de\/?p=2781\">30. Sonnenb\u00fchler Meisterschaften<\/a><time datetime=\"2024-10-24T15:38:28+02:00\" class=\"wp-block-latest-posts__post-date\">24. Oktober 2024<\/time><\/li>\n<li><a class=\"wp-block-latest-posts__post-title\" href=\"https:\/\/www.ttg-sonnenbuehl.de\/?p=2714\">H\u00c4MMERLE eskaliert<\/a><time datetime=\"2023-12-10T20:37:14+01:00\" class=\"wp-block-latest-posts__post-date\">10. Dezember 2023<\/time><\/li>\n<li><a class=\"wp-block-latest-posts__post-title\" href=\"https:\/\/www.ttg-sonnenbuehl.de\/?p=2702\">29. Sonnenb\u00fchler Meisterschaften<\/a><time datetime=\"2023-10-11T21:45:13+02:00\" class=\"wp-block-latest-posts__post-date\">11. Oktober 2023<\/time><\/li>\n<li><a class=\"wp-block-latest-posts__post-title\" href=\"https:\/\/www.ttg-sonnenbuehl.de\/?p=2635\">Ergebnisse Sonnenb\u00fchler Meisterschaften 2022<\/a><time datetime=\"2022-11-06T15:21:09+01:00\" class=\"wp-block-latest-posts__post-date\">6. November 2022<\/time><\/li>\n<li><a class=\"wp-block-latest-posts__post-title\" href=\"https:\/\/www.ttg-sonnenbuehl.de\/?p=2598\">28. Sonnenb\u00fchler Meisterschaften<\/a><time datetime=\"2022-10-12T18:57:29+02:00\" class=\"wp-block-latest-posts__post-date\">12. Oktober 2022<\/time><\/li>\n<li><a class=\"wp-block-latest-posts__post-title\" href=\"https:\/\/www.ttg-sonnenbuehl.de\/?p=2579\">Ergebnisse Sonnenb\u00fchler Tischtennismeisterschaften 2021<\/a><time datetime=\"2021-11-02T19:56:23+01:00\" class=\"wp-block-latest-posts__post-date\">2. November 2021<\/time><\/li>\n<li><a class=\"wp-block-latest-posts__post-title\" href=\"https:\/\/www.ttg-sonnenbuehl.de\/?p=2479\">27. Sonnenb\u00fchler Meisterschaften<\/a><time datetime=\"2021-10-18T19:58:09+02:00\" class=\"wp-block-latest-posts__post-date\">18. Oktober 2021<\/time><\/li>\n<li><a class=\"wp-block-latest-posts__post-title\" href=\"https:\/\/www.ttg-sonnenbuehl.de\/?p=2471\">TTG Hauptversammlung 2021<\/a><time datetime=\"2021-07-11T14:57:59+02:00\" class=\"wp-block-latest-posts__post-date\">11. Juli 2021<\/time><\/li>\n<li><a class=\"wp-block-latest-posts__post-title\" href=\"https:\/\/www.ttg-sonnenbuehl.de\/?p=2461\">TSV Dettingen \u2013 TTG I 8:8<\/a><time datetime=\"2020-10-20T21:26:00+02:00\" class=\"wp-block-latest-posts__post-date\">20. Oktober 2020<\/time><\/li>\n<li><a class=\"wp-block-latest-posts__post-title\" href=\"https:\/\/www.ttg-sonnenbuehl.de\/?p=2458\">TTG 1 &#8211; TTC Ergenzingen 3 2:9<\/a><time datetime=\"2020-10-05T12:18:09+02:00\" class=\"wp-block-latest-posts__post-date\">5. Oktober 2020<\/time><\/li>\n<li><a class=\"wp-block-latest-posts__post-title\" href=\"https:\/\/www.ttg-sonnenbuehl.de\/?p=2456\">TTG 3 &#8211; TSG Zwiefalten 9:0<\/a><time datetime=\"2020-10-05T12:07:03+02:00\" class=\"wp-block-latest-posts__post-date\">5. Oktober 2020<\/time><\/li>\n<li><a class=\"wp-block-latest-posts__post-title\" href=\"https:\/\/www.ttg-sonnenbuehl.de\/?p=2454\">TSV M\u00e4gerkingen &#8211; TTG 4 9:3<\/a><time datetime=\"2020-10-05T12:02:00+02:00\" class=\"wp-block-latest-posts__post-date\">5. Oktober 2020<\/time><\/li>\n<li><a class=\"wp-block-latest-posts__post-title\" href=\"https:\/\/www.ttg-sonnenbuehl.de\/?p=2452\">SKV Eningen\/Achalm &#8211; TTG 3 6:9<\/a><time datetime=\"2020-10-05T11:56:05+02:00\" class=\"wp-block-latest-posts__post-date\">5. Oktober 2020<\/time><\/li>\n<li><a class=\"wp-block-latest-posts__post-title\" href=\"https:\/\/www.ttg-sonnenbuehl.de\/?p=2450\">TTG 3 &#8211; TSV M\u00e4gerkingen 9:3<\/a><time datetime=\"2020-10-05T11:34:27+02:00\" class=\"wp-block-latest-posts__post-date\">5. Oktober 2020<\/time><\/li>\n<li><a class=\"wp-block-latest-posts__post-title\" href=\"https:\/\/www.ttg-sonnenbuehl.de\/?p=2448\">Sonnenb\u00fchler Meisterschaften 2020 nur f\u00fcr aktive<\/a><time datetime=\"2020-10-05T11:23:36+02:00\" class=\"wp-block-latest-posts__post-date\">5. Oktober 2020<\/time><\/li>\n<li><a class=\"wp-block-latest-posts__post-title\" href=\"https:\/\/www.ttg-sonnenbuehl.de\/?p=2440\">TTG 2 vs TSV Steinhilben 2<\/a><time datetime=\"2020-03-01T10:07:38+01:00\" class=\"wp-block-latest-posts__post-date\">1. M\u00e4rz 2020<\/time><\/li>\n<li><a class=\"wp-block-latest-posts__post-title\" href=\"https:\/\/www.ttg-sonnenbuehl.de\/?p=2438\">Jugend 1 vs Grosselfingen und Stein<\/a><time datetime=\"2020-03-01T09:57:10+01:00\" class=\"wp-block-latest-posts__post-date\">1. M\u00e4rz 2020<\/time><\/li>\n<\/ul>\n\n\n<p>Um \u00e4ltere Beitr\u00e4ge zu sehen, nutzen Sie bitte die Kategorieansicht auf der rechten Seite oder die Suchfunktion.<\/p>\n\n\n\n<p><\/p>\n","protected":false},"excerpt":{"rendered":"<p>Neueste Beitr\u00e4ge Um \u00e4ltere Beitr\u00e4ge zu sehen, nutzen Sie bitte die Kategorieansicht auf der rechten Seite oder die Suchfunktion.<\/p>\n","protected":false},"author":1,"featured_media":0,"parent":0,"menu_order":0,"comment_status":"closed","ping_status":"closed","template":"","meta":{"ngg_post_thumbnail":0,"jetpack_post_was_ever_published":false,"footnotes":""},"class_list":["post-17","page","type-page","status-publish","hentry"],"jetpack_sharing_enabled":true,"jetpack_shortlink":"https:\/\/wp.me\/PaNJHH-h","jetpack_likes_enabled":true,"_links":{"self":[{"href":"https:\/\/www.ttg-sonnenbuehl.de\/index.php?rest_route=\/wp\/v2\/pages\/17","targetHints":{"allow":["GET"]}}],"collection":[{"href":"https:\/\/www.ttg-sonnenbuehl.de\/index.php?rest_route=\/wp\/v2\/pages"}],"about":[{"href":"https:\/\/www.ttg-sonnenbuehl.de\/index.php?rest_route=\/wp\/v2\/types\/page"}],"author":[{"embeddable":true,"href":"https:\/\/www.ttg-sonnenbuehl.de\/index.php?rest_route=\/wp\/v2\/users\/1"}],"replies":[{"embeddable":true,"href":"https:\/\/www.ttg-sonnenbuehl.de\/index.php?rest_route=%2Fwp%2Fv2%2Fcomments&post=17"}],"version-history":[{"count":8,"href":"https:\/\/www.ttg-sonnenbuehl.de\/index.php?rest_route=\/wp\/v2\/pages\/17\/revisions"}],"predecessor-version":[{"id":2839,"href":"https:\/\/www.ttg-sonnenbuehl.de\/index.php?rest_route=\/wp\/v2\/pages\/17\/revisions\/2839"}],"wp:attachment":[{"href":"https:\/\/www.ttg-sonnenbuehl.de\/index.php?rest_route=%2Fwp%2Fv2%2Fmedia&parent=17"}],"curies":[{"name":"wp","href":"https:\/\/api.w.org\/{rel}","templated":true}]}}