{"id":13,"date":"2015-09-22T14:11:03","date_gmt":"2015-09-22T14:11:03","guid":{"rendered":"http:\/\/wp.ttg-sonnenbuehl.de\/?page_id=13"},"modified":"2025-07-03T14:28:54","modified_gmt":"2025-07-03T12:28:54","slug":"mannschaften","status":"publish","type":"page","link":"https:\/\/www.ttg-sonnenbuehl.de\/?page_id=13","title":{"rendered":"Mannschaften"},"content":{"rendered":"<p>In die aktuelle Saison startet die TTG mit insgesamt 4 Herrenmannschaften (davon eine Hobbymannschaft) und 1 Jugendmannschaft.<\/p>\n<p>Zielsetzung f\u00fcr die Mannschaften ist jeweils ein m\u00f6glichst gutes Rundenergebnis und der Nichtabstieg. Gegen einen eventuellen Aufstieg der verschiedenen Mannschaften h\u00e4tte nat\u00fcrlich auch niemand etwas einzuwenden&#8230;<\/p>\n<p>Hier finden Sie die Aufstellungen und Ergebnisse der einzelnen <a href=\"https:\/\/ttvwh.click-tt.de\/cgi-bin\/WebObjects\/nuLigaTTDE.woa\/wa\/clubTeams?club=4134\" target=\"_blank\" rel=\"noopener noreferrer\"><span style=\"color: #3366ff;\">Mannschaften<\/span><\/a><span style=\"color: #3366ff;\">.<\/span><\/p>\n","protected":false},"excerpt":{"rendered":"<p>In die aktuelle Saison startet die TTG mit insgesamt 4 Herrenmannschaften (davon eine Hobbymannschaft) und 1 Jugendmannschaft. Zielsetzung f\u00fcr die Mannschaften ist jeweils ein m\u00f6glichst &hellip; <\/p>\n","protected":false},"author":1,"featured_media":0,"parent":20,"menu_order":0,"comment_status":"closed","ping_status":"closed","template":"","meta":{"ngg_post_thumbnail":0,"jetpack_post_was_ever_published":false,"footnotes":""},"class_list":["post-13","page","type-page","status-publish","hentry"],"jetpack_sharing_enabled":true,"jetpack_shortlink":"https:\/\/wp.me\/PaNJHH-d","jetpack_likes_enabled":true,"_links":{"self":[{"href":"https:\/\/www.ttg-sonnenbuehl.de\/index.php?rest_route=\/wp\/v2\/pages\/13","targetHints":{"allow":["GET"]}}],"collection":[{"href":"https:\/\/www.ttg-sonnenbuehl.de\/index.php?rest_route=\/wp\/v2\/pages"}],"about":[{"href":"https:\/\/www.ttg-sonnenbuehl.de\/index.php?rest_route=\/wp\/v2\/types\/page"}],"author":[{"embeddable":true,"href":"https:\/\/www.ttg-sonnenbuehl.de\/index.php?rest_route=\/wp\/v2\/users\/1"}],"replies":[{"embeddable":true,"href":"https:\/\/www.ttg-sonnenbuehl.de\/index.php?rest_route=%2Fwp%2Fv2%2Fcomments&post=13"}],"version-history":[{"count":10,"href":"https:\/\/www.ttg-sonnenbuehl.de\/index.php?rest_route=\/wp\/v2\/pages\/13\/revisions"}],"predecessor-version":[{"id":2816,"href":"https:\/\/www.ttg-sonnenbuehl.de\/index.php?rest_route=\/wp\/v2\/pages\/13\/revisions\/2816"}],"up":[{"embeddable":true,"href":"https:\/\/www.ttg-sonnenbuehl.de\/index.php?rest_route=\/wp\/v2\/pages\/20"}],"wp:attachment":[{"href":"https:\/\/www.ttg-sonnenbuehl.de\/index.php?rest_route=%2Fwp%2Fv2%2Fmedia&parent=13"}],"curies":[{"name":"wp","href":"https:\/\/api.w.org\/{rel}","templated":true}]}}