{"id":1268,"date":"2016-10-11T07:37:57","date_gmt":"2016-10-11T07:37:57","guid":{"rendered":"http:\/\/www.ttg-sonnenbuehl.de\/?page_id=1268"},"modified":"2025-07-03T17:33:33","modified_gmt":"2025-07-03T15:33:33","slug":"trainingszeiten","status":"publish","type":"page","link":"https:\/\/www.ttg-sonnenbuehl.de\/?page_id=1268","title":{"rendered":"Trainingszeiten"},"content":{"rendered":"<p><strong>Dienstags:<\/strong><br \/>\n18:00 &#8211; 19:00 Uhr Genkingen, Sporthalle Sonnenb\u00fchl, Jugend- und Anf\u00e4ngertraining mit Trainer<br \/>\n19:00 &#8211; 20:00 Uhr Genkingen, Sporthalle Sonnenb\u00fchl, Jugendtraining aktive Jugend mit Trainer<br \/>\n20:00 &#8211; 22:00 Uhr Genkingen, Sporthalle Sonnenb\u00fchl, Training f\u00fcr Aktive<\/p>\n<p><strong>Donnerstags:<\/strong><br \/>\n20:00 &#8211; 22:00 Uhr Erpfingen, Erpftalhalle, Training f\u00fcr alle<\/p>\n","protected":false},"excerpt":{"rendered":"<p>Dienstags: 18:00 &#8211; 19:00 Uhr Genkingen, Sporthalle Sonnenb\u00fchl, Jugend- und Anf\u00e4ngertraining mit Trainer 19:00 &#8211; 20:00 Uhr Genkingen, Sporthalle Sonnenb\u00fchl, Jugendtraining aktive Jugend mit Trainer &hellip; <\/p>\n","protected":false},"author":1,"featured_media":0,"parent":20,"menu_order":0,"comment_status":"closed","ping_status":"closed","template":"","meta":{"ngg_post_thumbnail":0,"jetpack_post_was_ever_published":false,"footnotes":""},"class_list":["post-1268","page","type-page","status-publish","hentry"],"jetpack_sharing_enabled":true,"jetpack_shortlink":"https:\/\/wp.me\/PaNJHH-ks","jetpack_likes_enabled":true,"_links":{"self":[{"href":"https:\/\/www.ttg-sonnenbuehl.de\/index.php?rest_route=\/wp\/v2\/pages\/1268","targetHints":{"allow":["GET"]}}],"collection":[{"href":"https:\/\/www.ttg-sonnenbuehl.de\/index.php?rest_route=\/wp\/v2\/pages"}],"about":[{"href":"https:\/\/www.ttg-sonnenbuehl.de\/index.php?rest_route=\/wp\/v2\/types\/page"}],"author":[{"embeddable":true,"href":"https:\/\/www.ttg-sonnenbuehl.de\/index.php?rest_route=\/wp\/v2\/users\/1"}],"replies":[{"embeddable":true,"href":"https:\/\/www.ttg-sonnenbuehl.de\/index.php?rest_route=%2Fwp%2Fv2%2Fcomments&post=1268"}],"version-history":[{"count":8,"href":"https:\/\/www.ttg-sonnenbuehl.de\/index.php?rest_route=\/wp\/v2\/pages\/1268\/revisions"}],"predecessor-version":[{"id":2828,"href":"https:\/\/www.ttg-sonnenbuehl.de\/index.php?rest_route=\/wp\/v2\/pages\/1268\/revisions\/2828"}],"up":[{"embeddable":true,"href":"https:\/\/www.ttg-sonnenbuehl.de\/index.php?rest_route=\/wp\/v2\/pages\/20"}],"wp:attachment":[{"href":"https:\/\/www.ttg-sonnenbuehl.de\/index.php?rest_route=%2Fwp%2Fv2%2Fmedia&parent=1268"}],"curies":[{"name":"wp","href":"https:\/\/api.w.org\/{rel}","templated":true}]}}